{"id":147,"date":"2025-10-18T11:06:01","date_gmt":"2025-10-18T08:06:01","guid":{"rendered":"https:\/\/metekaratay.com\/?page_id=147"},"modified":"2025-12-04T13:58:20","modified_gmt":"2025-12-04T10:58:20","slug":"about-us","status":"publish","type":"page","link":"https:\/\/www.metekaratay.com\/en\/about-us\/","title":{"rendered":"About us"},"content":{"rendered":"<h2>Medical School and Graduation Year<\/h2>\n<p>Eski\u015fehir Osmangazi University Faculty of Medicine, 2001<\/p>\n<h2>Specialization Training Location and Year<\/h2>\n<p>S.B. Ankara Training and Research Hospital, 2007<\/p>\n<h2>Professional Experience<\/h2>\n<ul>\n<li>Liv Vadistanbul Hospital Brain and Nerve Surgery Clinic (Prof. Dr.) (2025- Present)<\/li>\n<li>Medicana Zincirlikuyu Hospital, Neurosurgery Clinic (Professor), 2025<\/li>\n<li>Istanbul Yeni Y\u00fczy\u0131l University Faculty of Medicine, Private Gaziosmanpa\u015fa Hospital, Neurosurgery Clinic (Professor), 2021 &#8211; 2025<\/li>\n<li>Istanbul Yeni Y\u00fczy\u0131l University Faculty of Medicine, Private Gaziosmanpa\u015fa Hospital, Neurosurgery Clinic (Associate Professor), 2016 &#8211; 2021<\/li>\n<li>Istanbul Yeni Y\u00fczy\u0131l University Faculty of Medicine, Private Gaziosmanpa\u015fa Hospital, Neurosurgery Clinic (Assistant Professor), 2015 &#8211; 2016<\/li>\n<li>Johns Hopkins University, School of Medicine, Department of Neurological Surgery, Neurosurgical Spine Center (Director: Prof. Dr. Ziya L. G\u00f6kaslan), Baltimore, Maryland, USA (Observer), 2012<\/li>\n<li>S.B. Ankara Training and Research Hospital, Neurosurgery Clinic (Specialist Doctor), 2010 &#8211; 2015<\/li>\n<li>Van Military Hospital, Neurosurgery Clinic (Lieutenant Physician), 2009 &#8211; 2010<\/li>\n<li>S.B. Ankara Training and Research Hospital, Neurosurgery Clinic (Specialist Doctor), 2008 &#8211; 2009<\/li>\n<li>S.B. Ankara Training and Research Hospital, Neurosurgery Clinic (Assistant Doctor), 2002 &#8211; 2007<\/li>\n<li>Bilecik, \u0130nhisar Central Health Center Physician, 2001 &#8211; 2002<\/li>\n<\/ul>\n<h2>Medical Interests<\/h2>\n<ul>\n<li>Brain Tumor Surgeries<\/li>\n<li>Skull Base Tumor Surgeries<\/li>\n<li>Spinal Cord and Spine Tumor Surgeries<\/li>\n<li>Pediatric Neurosurgery Surgeries<\/li>\n<li>Surgery of Complex Spine Diseases<\/li>\n<li>Surgery for Degenerative Diseases of the Spine<\/li>\n<li>Aneurysm, AVM, and Cavernoma Surgery<\/li>\n<li>Deep Brain Stimulation (DBS) Surgery<\/li>\n<li>Epilepsy Stimulator (VNS) Surgery<\/li>\n<li>Spinal Cord Stimulator Surgery<\/li>\n<\/ul>\n<h2>Special Procedures<\/h2>\n<ul>\n<li>Surgical Treatment of Brain, Spinal Cord, and Spine Tumors in Adults and Children with Neuronavigation and Neuromonitoring<\/li>\n<li>Stereotactic Brain Tumor Biopsy<\/li>\n<li>Surgical Treatment of Pediatric Neurosurgical Diseases with Neuromonitoring<\/li>\n<li>Surgical Treatment of Complex Spine Diseases with Neuromonitoring<\/li>\n<li>Deep Brain Stimulation (DBS) Surgery<\/li>\n<li>Epilepsy Stimulator (VNS) Surgery<\/li>\n<li>Spinal Cord Stimulator Surgery<\/li>\n<\/ul>\n","protected":false},"excerpt":{"rendered":"<p>Medical School and Graduation Year Eski\u015fehir Osmangazi University Faculty of Medicine, 2001 Specialization Training Location and Year S.B. Ankara Training and Research Hospital, 2007 Professional Experience Liv Vadistanbul Hospital Brain and Nerve Surgery Clinic (Prof. Dr.) (2025- Present) Medicana Zincirlikuyu Hospital, Neurosurgery Clinic (Professor), 2025 Istanbul Yeni Y\u00fczy\u0131l University Faculty of Medicine, Private Gaziosmanpa\u015fa Hospital, [&hellip;]<\/p>\n","protected":false},"author":1,"featured_media":170,"parent":0,"menu_order":0,"comment_status":"closed","ping_status":"closed","template":"","meta":{"footnotes":""},"class_list":["post-147","page","type-page","status-publish","has-post-thumbnail","hentry"],"_links":{"self":[{"href":"https:\/\/www.metekaratay.com\/en\/wp-json\/wp\/v2\/pages\/147","targetHints":{"allow":["GET"]}}],"collection":[{"href":"https:\/\/www.metekaratay.com\/en\/wp-json\/wp\/v2\/pages"}],"about":[{"href":"https:\/\/www.metekaratay.com\/en\/wp-json\/wp\/v2\/types\/page"}],"author":[{"embeddable":true,"href":"https:\/\/www.metekaratay.com\/en\/wp-json\/wp\/v2\/users\/1"}],"replies":[{"embeddable":true,"href":"https:\/\/www.metekaratay.com\/en\/wp-json\/wp\/v2\/comments?post=147"}],"version-history":[{"count":9,"href":"https:\/\/www.metekaratay.com\/en\/wp-json\/wp\/v2\/pages\/147\/revisions"}],"predecessor-version":[{"id":294,"href":"https:\/\/www.metekaratay.com\/en\/wp-json\/wp\/v2\/pages\/147\/revisions\/294"}],"wp:featuredmedia":[{"embeddable":true,"href":"https:\/\/www.metekaratay.com\/en\/wp-json\/wp\/v2\/media\/170"}],"wp:attachment":[{"href":"https:\/\/www.metekaratay.com\/en\/wp-json\/wp\/v2\/media?parent=147"}],"curies":[{"name":"wp","href":"https:\/\/api.w.org\/{rel}","templated":true}]}}