{"id":263,"date":"2025-11-13T16:08:54","date_gmt":"2025-11-13T13:08:54","guid":{"rendered":"https:\/\/www.metekaratay.com\/en\/?page_id=263"},"modified":"2025-11-19T16:41:22","modified_gmt":"2025-11-19T13:41:22","slug":"assoc-dr-idris-sertbas","status":"publish","type":"page","link":"https:\/\/www.metekaratay.com\/en\/assoc-dr-idris-sertbas\/","title":{"rendered":"Assoc. Dr. \u0130dris Sertba\u015f"},"content":{"rendered":"\n\t\t<style type=\"text\/css\">\n\t\t\t#gallery-1 {\n\t\t\t\tmargin: auto;\n\t\t\t}\n\t\t\t#gallery-1 .gallery-item {\n\t\t\t\tfloat: left;\n\t\t\t\tmargin-top: 10px;\n\t\t\t\ttext-align: center;\n\t\t\t\twidth: 33%;\n\t\t\t}\n\t\t\t#gallery-1 img {\n\t\t\t\tborder: 2px solid #cfcfcf;\n\t\t\t}\n\t\t\t#gallery-1 .gallery-caption {\n\t\t\t\tmargin-left: 0;\n\t\t\t}\n\t\t\t\/* see gallery_shortcode() in wp-includes\/media.php *\/\n\t\t<\/style>\n\t\t<div id='gallery-1' class='gallery galleryid-263 gallery-columns-3 gallery-size-thumbnail'><dl class='gallery-item'>\n\t\t\t<dt class='gallery-icon landscape'>\n\t\t\t\t<a href='https:\/\/www.metekaratay.com\/en\/assoc-dr-idris-sertbas\/idris\/'><img loading=\"lazy\" decoding=\"async\" width=\"150\" height=\"150\" src=\"https:\/\/www.metekaratay.com\/en\/wp-content\/uploads\/2025\/11\/idris-150x150.jpg\" class=\"attachment-thumbnail size-thumbnail\" alt=\"\" srcset=\"https:\/\/www.metekaratay.com\/en\/wp-content\/uploads\/2025\/11\/idris-150x150.jpg 150w, https:\/\/www.metekaratay.com\/en\/wp-content\/uploads\/2025\/11\/idris-400x400.jpg 400w\" sizes=\"auto, (max-width: 150px) 100vw, 150px\" \/><\/a>\n\t\t\t<\/dt><\/dl><dl class='gallery-item'>\n\t\t\t<dt class='gallery-icon landscape'>\n\t\t\t\t<a href='https:\/\/www.metekaratay.com\/en\/assoc-dr-idris-sertbas\/idris2\/'><img loading=\"lazy\" decoding=\"async\" width=\"150\" height=\"150\" src=\"https:\/\/www.metekaratay.com\/en\/wp-content\/uploads\/2025\/11\/idris2-150x150.jpg\" class=\"attachment-thumbnail size-thumbnail\" alt=\"\" srcset=\"https:\/\/www.metekaratay.com\/en\/wp-content\/uploads\/2025\/11\/idris2-150x150.jpg 150w, https:\/\/www.metekaratay.com\/en\/wp-content\/uploads\/2025\/11\/idris2-400x400.jpg 400w\" sizes=\"auto, (max-width: 150px) 100vw, 150px\" \/><\/a>\n\t\t\t<\/dt><\/dl><dl class='gallery-item'>\n\t\t\t<dt class='gallery-icon landscape'>\n\t\t\t\t<a href='https:\/\/www.metekaratay.com\/en\/assoc-dr-idris-sertbas\/idris3\/'><img loading=\"lazy\" decoding=\"async\" width=\"150\" height=\"150\" src=\"https:\/\/www.metekaratay.com\/en\/wp-content\/uploads\/2025\/11\/idris3-150x150.jpg\" class=\"attachment-thumbnail size-thumbnail\" alt=\"\" srcset=\"https:\/\/www.metekaratay.com\/en\/wp-content\/uploads\/2025\/11\/idris3-150x150.jpg 150w, https:\/\/www.metekaratay.com\/en\/wp-content\/uploads\/2025\/11\/idris3-400x400.jpg 400w\" sizes=\"auto, (max-width: 150px) 100vw, 150px\" \/><\/a>\n\t\t\t<\/dt><\/dl><br style=\"clear: both\" \/>\n\t\t<\/div>\n\n<h2><strong>Graduated Medical Faculty and Year<\/strong><\/h2>\n<ul>\n<li>Sivas Cumhuriyet University Faculty of Medicine, 2005<\/li>\n<\/ul>\n<h2><strong>Specialization Training Location and Year<\/strong><\/h2>\n<ul>\n<li>S.B. Ankara Training and Research Hospital, 2014<\/li>\n<\/ul>\n<h2><strong>Professional Experience<\/strong><\/h2>\n<ul>\n<li>Pamukkale University Faculty of Medicine, Department of Orthopedics and Traumatology (Resident Doctor), 2007-2008<\/li>\n<li>S.B. Ankara Training and Research Hospital, Department of Neurosurgery (Resident Doctor), 2009-2014<\/li>\n<li>S.B. Bart\u0131n State Hospital, Department of Neurosurgery (Specialist Doctor), 2014-2017<\/li>\n<li>\u0130stanbul Yeni Y\u00fczy\u0131l University Faculty of Medicine Private Gaziosmanpa\u015fa Hospital, Department of Neurosurgery (Assistant Professor), 2017-2021<\/li>\n<li>\u0130stanbul Yeni Y\u00fczy\u0131l University Faculty of Medicine Private Gaziosmanpa\u015fa Hospital, Department of Neurosurgery (Associate Professor), 2021-2025<\/li>\n<li>Medicana Zincirlikuyu Hospital, Department of Neurosurgery (Associate Professor), 2025<\/li>\n<\/ul>\n<h2><strong>Medical Interests<\/strong><\/h2>\n<ul>\n<li>Surgery of Degenerative Diseases of the Spine<\/li>\n<li>Surgery of Spinal Fractures<\/li>\n<li>Brain Tumor Surgeries<\/li>\n<li>Surgery of Spinal Cord and Spinal Tumors<\/li>\n<li>Child Brain Surgery<\/li>\n<li>Deep Brain Stimulation Surgery (Brain Pacemaker)<\/li>\n<li>Epilepsy Pacemaker (VNS) Surgery<\/li>\n<li>Spinal Cord Pacemaker Surgery (Spinal Cord Stimulator)<\/li>\n<li>Baklofen Pump Implantation Surgery<\/li>\n<\/ul>\n<h2><strong>Special Procedures<\/strong><\/h2>\n<ul>\n<li>Surgical Treatment of Brain, Spinal Cord, and Spinal Tumors in Adults and Children with Neuronavigation and Neuromonitoring Assistance<\/li>\n<li>Stereotactic Brain Tumor Biopsy<\/li>\n<li>Surgical Treatment of Pediatric Brain Surgery Diseases with Neuromonitoring Assistance<\/li>\n<li>Surgical Treatment of Complex Spinal Diseases with Neuromonitoring Assistance<\/li>\n<li>Deep Brain Stimulation Surgery (Brain Pacemaker)<\/li>\n<li>Epilepsy Pacemaker (VNS) Surgery<\/li>\n<li>Spinal Cord Pacemaker Surgery (Spinal Cord Stimulator)<\/li>\n<li>Baklofen Pump Implantation Surgery<\/li>\n<\/ul>\n<h2><strong>Additional Information<\/strong><\/h2>\n<h3><strong>Memberships<\/strong><\/h3>\n<ul>\n<li>Turkish Medical Association, 2013<\/li>\n<li>Turkish Neurosurgical Society, 2014<\/li>\n<li>TNDer Spinal and Peripheral Nerve Surgery Teaching and Education Group, 2015<\/li>\n<\/ul>\n<h3><strong>Scientific Publications<\/strong><\/h3>\n<p><strong>A) Articles Published in International Peer-Reviewed Journals (SCI &amp; SSCI &amp; Arts and Humanities): <\/strong><\/p>\n<ol>\n<li>Karatay M, Celik H, Koktekir E, Karatay E, <strong>Sertbas I, <\/strong>Yilmaz A, Caydere M, Karabagli H. Role of tenoxicam in the prevention of postlaminectomy peridural fibrosis in rats. Journal of Neurological Sciences (Turkish) 30(3): 559-565, 2013<\/li>\n<li>Celik H, Karatay M, Erdem Y, Yilmaz A, Tascioglu T, <strong>Sertbas I, <\/strong>Bayar MA. Spontaneous regression of extruded lumbar disc herniation. Journal of Neurological Sciences (Turkish) 30(4): 787-790, 2013<\/li>\n<li>Erdem Y, Karatay M, <strong>Sertbas I, <\/strong>Celik H, Bayar MA. Air compressor\u2013induced pneumocephalus, pneumomediastinum and extensive emphysema. Pediatric Neurosurgery 49: 256-257, 2013<\/li>\n<li>Celik H, Erdem Y, Karatay M, Yorubulut M, Gursoy T, <strong>Sertbas I, <\/strong>Bayar MA. Lumbar epidural varicose vein: early neurological improvement and late radiological full recovery with surgery and the importance of magnetic resonance imaging in the follow-up. Turkish Neurosurgery 25(5): 824-827, 2015<\/li>\n<li>Karatay M, Koktekir E, Celik H, Erdem Y, <strong>Sertbas I,<\/strong> Bayar MA. Spinal intradural abscess caused by hematogenous spread of Prevotella oralis in a 3-year-old child with an asymptomatic congenital spinal abnormality. Spinal Cord 53(1): 13-15, 2015<\/li>\n<li>Gulensoy B, Karatay M, ErdemY, CelikH, TasciogluT, <strong>Sertbas I, <\/strong>Gursoy T, Kul H, Gokcek C, Yasitli U, Bayar Decompressive hemicraniectomy for malignant middle cerebral artery infarct. Turkish Neurosurgery 26(5): 704-708, 2016<\/li>\n<li>Celik H, Karatay M, Erdem Y, Yildirim AE, <strong>Sertbas I, <\/strong>Karatay E, Kul H, Guvenc Y, Koksal I, Menekse G, Alagoz F, Kertmen HH, Caydere M. The biochemical, histopathological and clinical comparison of the neuroprotective effects of subcutaneous adalimumab and methylprednisolone in an experimental compressive spinal cord trauma model. Turkish Neurosurgery 26(4): 622-631, 2016<\/li>\n<li>Karatay M, Koktekir E, Erdem Y, Celik H, <strong>Sertbas I,<\/strong> Bayar MA. Intramedullary schwannoma of conus medullaris with syringomyelia. Asian Journal of Surgery 40(3): 240-242, 2017<\/li>\n<li>Yilmaz A, Karatay M, Yildirim T, Celik H, <strong>Sertbas I, <\/strong>Erdem Y, Caydere M, Isik HS, Bayar MA. Prevention of Epidural Fibrosis Using Ranibizumab in a Postlaminectomy Rat Model. Turkish Neurosurgery 27(1): 119-123, 2017<\/li>\n<li><strong>Sertbas I, <\/strong>Yilmaz A, Y\u0131ld\u0131r\u0131m T, Karatay M, Celik H, Bayar MA. The role of pegaptanib sodium in the suppression of epidural fibrosis in a postlaminectomy rat model. Bratisl Lek Listy 118(2): 118-122, 2017<\/li>\n<li><strong>Sertbas I, <\/strong>Karatay M. Enlarging teratoma syndrome. Childs Nerv Syst 35(2): 369-372, 2019<\/li>\n<li><strong>Sertbas I,<\/strong> Karatay M, Hac\u0131salihoglu Uguray P. Cervical spine giant cell bone tumor: A case report. World J Surg Oncol 17(1): 82, 2019<\/li>\n<li><strong>Sertbas I,<\/strong> Karatay M. Comparing the postoperative results of single-level anterior cervical discectomy and fusion, cervical disc prosthesis and minimal invasive posterior cervical disc surgery. Br J Neurosurg 34(6): 704-709, 2020<\/li>\n<li><strong>Sertbas I,<\/strong> Karatay M. The effect of the delay between injury and surgery on mortality, morbidity, and complications in craniospinal gunshot wounding. Trauma 22(3):193-200, 2020<\/li>\n<li><strong>Sertbas I, <\/strong>Karatay M. Combined preoperative embolization and surgical treatment of a giant aneurysmal bone cyst in the lumbar spine: A case study. Turkish Neurosurgery 30(3): 462-464, 2020<\/li>\n<li>Tascioglu T, Karatay M, Erdem Y, Tekiner A, Celik H, Sahin O, <strong>Sertbas I,<\/strong> Bayar MA. Simvastatin in an experimental spinal cord injury model: A histopathological and biochemical evidence based study. Bratisl Lek Listy 121(10): 722-726, 2020<\/li>\n<li>Sarbay H, Okumus M, <strong><strong>S<\/strong><\/strong>ertbas I, Hacisalihoglu Uguray P, Atay A, Malbora B. Children with solid tumors treated in our centre. International Journal of Contemporary Pediatrics 7(12): 2260-2266, 2020<\/li>\n<li><strong>Sertbas I, <\/strong>Turan Bay\u0131rl\u0131 D, Karatay M. Spontaneous cervical epidural abscess caused by Serratia Marcescens. J Coll Physicians Surg Pak 32(12): 151-153, 2022<\/li>\n<\/ol>\n<p><strong>B) Papers Presented at International Scientific Meetings and Published in Conference Proceedings:<\/strong><\/p>\n<ol>\n<li>Karatay M, Erdem Y, Tascioglu T, <strong>Sertbas I, <\/strong>Gursoy T, Kul H, Bayar MA. Cervical spinal brucellosis with anterior epidural abscess: a case report. 10<sup>th<\/sup> International Turkish Spine Congress, 17-20 April 2013, Cappadocia, Turkey<\/li>\n<li>Karatay M<strong>,<\/strong> Celik H, Erdem Y, <strong>Sertbas I<\/strong>, Guvenc Y, Kul H, Gursoy T, Tekiner A, Gokcek C, Yasitli U. The effect of pegaptanib sodium on epidural fibrosis in the postlaminectomy rat model. Asian Australasian Congress of Neurosurgery, 15-18 April 2015, Chongjin, Korea<\/li>\n<li><strong>Sertbas I<\/strong>. Giant primary orbital Ewing Sarcoma: A case report. IV. International Scientific and Professional Studies Congress, 7-10 November 2019, Ankara, Turkey<\/li>\n<\/ol>\n<p><strong>C) Books or Book Chapters Written:<\/strong><\/p>\n<ol>\n<li>Akyolda\u015f G, <strong>Sertba\u015f \u0130, <\/strong>Ta\u015fc\u0131o\u011flu T. Short Segment Instrumentation. Dalbayrak S, Yaman O, Kaptano\u011flu E, \u015eim\u015fek S, Ate\u015f \u00d6, Dalg\u0131\u00e7 A (editors). Spinal Deformities. Ankara, Turkish Neurosurgical Society Publications, pp. 335-338, 2015. ISBN: 978-605-4149-16-2.<\/li>\n<li><strong>Sertba\u015f \u0130.<\/strong> Postoperative Infection in Cervical Surgery. Kotil K, Temiz C, Kaptano\u011flu E, Erman T, Ate\u015f \u00d6, Dalg\u0131\u00e7 A, Solmaz \u0130 (editors). Degenerative Diseases of the Cervical and Thoracic Spine. Ankara, Turkish Neurosurgical Society Publications, pp. 285-289, 2017. ISBN: 978-605-4149-18-06.<\/li>\n<li><strong>Sertba\u015f \u0130<\/strong>. Primary Spinal Tumors. Evlice A, Oktay K (editors). Current Neurology and Neurosurgery Studies. Ankara, Akademisyen Publishing, pp. 49-66, 2019<strong>. <\/strong>ISBN: 978-605-258-328-<\/li>\n<\/ol>\n<p><strong>D) Articles Published in National Peer-Reviewed Journals:<\/strong><\/p>\n<ol>\n<li>Karatay M, Erdem Y, Ta\u015fc\u0131o\u011flu T, <strong>Sertba\u015f \u0130, <\/strong>Bayar MA. Intracranial lipoma and Epilepsy. Case report. Turkish Neurology Journal 18(2): 72-74, 2012<\/li>\n<li>Karatay M, Mehmeto\u011flu R, Erdem Y, G\u00fclensoy B, Ta\u015fc\u0131o\u011flu T, <strong>Sertba\u015f \u0130,<\/strong> Bayar MA. The relationship between surgical treatment applied to spontaneous intraserebral hematomas and mortality: Retrospective evaluation of 72 cases. Turkish Neurology Journal 18(3): 83-87, 2012<\/li>\n<li>Karatay M, Erdem Y, Ta\u015fc\u0131o\u011flu T, G\u00fclensoy B, <strong>Sertba\u015f \u0130, <\/strong>G\u00fcrsoy T, Hatipo\u011flu G, Bayar MA. Intrathecal application in spinal spasticity: Case report. Ankara Training and Research Hospital Medical Journal 45(2): 77-79, 2012<\/li>\n<li>G\u00f6k\u00e7ek C<strong>, <\/strong>Karatay M, Erdem Y, Ya\u015f\u0131tl\u0131 U, Ta\u015fc\u0131o\u011flu T, G\u00fclensoy B, <strong>Sertba\u015f \u0130,<\/strong> G\u00fcrsoy T, Bayar MA. Spontaneous spinal epidural hematoma: Case report. Ankara Training and Research Hospital Medical Journal 45(3): 124-126, 2012<\/li>\n<li><strong>Sertba\u015f \u0130, <\/strong>Molla Ali C, Karatay M. Spinal Instrumentation Complications. Turkey Clinics J Neurosurg-Special Topics 7(3): 367-371, 2017<\/li>\n<li><strong>Sertba\u015f \u0130. <\/strong>Optimal Target in Deep Brain Stimulation for Parkinson\u2019s Disease: Comparison of Atlas and Magnetic Resonance Imaging-Based Stereotactic Targeting. J Acad Res Med 10(3): 241-245, 2020<\/li>\n<li><strong>Sertba\u015f \u0130,<\/strong> Molla Ali C, <strong>Karatay M.<\/strong>Spinal Instrumentation Complications. Turkey Clinics J Neurosurg-Special Topics 7(3): 367-371, 2017<\/li>\n<\/ol>\n<p><strong>E) Papers Presented at National Scientific Meetings and Published in Conference Proceedings:<\/strong><\/p>\n<ol>\n<li>K\u0131l\u0131\u00e7 C, Erdem Y, Bayar MA, Y\u0131lmaz A, G\u00f6k\u00e7ek C, Ya\u015f\u0131tl\u0131 U, Tekiner A, Karatay M, K\u00f6ktekir E, <strong>Sertba\u015f \u0130,<\/strong> Akgedik \u015e, Akta\u015f H: Primary pituitary lymphoma: Case report. 24th Turkish Neurosurgical Society Scientific Congress 14-18 May 2010, Antalya, Turkey<\/li>\n<li>K\u0131l\u0131\u00e7 C, Erdem Y, Bayar MA, Y\u0131lmaz A, G\u00f6k\u00e7ek C, Ya\u015f\u0131tl\u0131 U, Tekiner A, Karatay M, K\u00f6ktekir E, <strong>Sertba\u015f \u0130,<\/strong> Akgedik \u015e, Akta\u015f H: Solitary cranial plasmacytoma: Case report. 24th Turkish Neurosurgical Society Scientific Congress 14-18 May 2010, Antalya, Turkey<\/li>\n<li>Bayar MA, Erdem Y, K\u0131l\u0131\u00e7 C, Y\u0131lmaz A, G\u00f6k\u00e7ek C, Ya\u015f\u0131tl\u0131 U, Tekiner A, Karatay M, K\u00f6ktekir E, <strong>Sertba\u015f \u0130, <\/strong>Akgedik \u015e, Akta\u015f H: Cystic trigeminal schwannoma: Case report. 24th Turkish Neurosurgical Society Scientific Congress 14-18 May 2010, Antalya, Turkey<\/li>\n<li>K\u0131l\u0131\u00e7 C, Erdem Y, Bayar MA, Y\u0131lmaz A, G\u00f6k\u00e7ek C, Ya\u015f\u0131tl\u0131 U, Tekiner A, <strong>Sertba\u015f \u0130,<\/strong> K\u00f6ktekir E, Karatay M, Akgedik \u015e, Akta\u015f H: Angiocentric glioma: Case report. 24th Turkish Neurosurgical Society Scientific Congress 14-18 May 2010, Antalya, Turkey<\/li>\n<li>Karatay M, G\u00f6k\u00e7ek C, Bayar MA, Erdem Y, Y\u0131lmaz A, Ya\u015f\u0131tl\u0131 U, Tekiner A, Erko\u00e7 YS, G\u00fclensoy B, Ta\u015f\u00e7\u0131o\u011flu T, <strong>Sertba\u015f \u0130,<\/strong> K\u0131l\u0131\u00e7 C: Isolated interhemispheric subdural abscess: Case report. 25th Turkish Neurosurgical Society Scientific Congress 22-26 April 2011, Antalya, Turkey<\/li>\n<li>Bayar MA<strong>, <\/strong>Erdem Y, Karatay M, <strong>Sertba\u015f \u0130, <\/strong>G\u00fclensoy B, Ta\u015fc\u0131o\u011flu T, G\u00fcrsoy T, Hatipo\u011flu G, K\u0131l\u0131\u00e7 C: Glioblastoma multiforme seen in childhood: Case report. 26th Turkish Neurosurgical Society Scientific Congress 20-24 April 2012, Antalya, Turkey<\/li>\n<li>Bayar MA<strong>, <\/strong>Erdem Y, Karatay M, G\u00fclensoy B, <strong>Sertba\u015f \u0130, <\/strong>Ta\u015f\u00e7\u0131o\u011flu T, G\u00fcrsoy T, Hatipo\u011flu G, K\u0131l\u0131\u00e7 C: Intracranial aneurysms in childhood: Case report. 26th Turkish Neurosurgical Society Scientific Congress 20-24 April 2012, Antalya, Turkey<\/li>\n<li>Erko\u00e7 YS, Erdem Y, Karatay M, Ethemo\u011flu KB, Ta\u015fc\u0131o\u011flu T, <strong>Sertba\u015f \u0130, <\/strong>G\u00fcrsoy T, Bayar MA: Frontoparietal plasmacytoma: Case report. 27th Turkish Neurosurgical Society Scientific Congress 12-16 April 2013, Antalya, Turkey<\/li>\n<li>G\u00f6k\u00e7ek C, Ya\u015f\u0131tl\u0131 U, Brohi RA, G\u00fclensoy B, Bayar MA, <strong>Sertba\u015f \u0130, <\/strong>G\u00fcrsoy T, Ta\u015fc\u0131o\u011flu T, Kul H, \u00c7elik H, Karatay M, Erdem Y: Symptomatic intraspinal lumbar synovial cyst case. 28th Turkish Neurosurgical Society Scientific Congress 04-08 April 2014, Antalya, Turkey<\/li>\n<li>G\u00f6k\u00e7ek C, Ya\u015f\u0131tl\u0131 U, Bayar MA, Brohi RA, <strong>Sertba\u015f \u0130,<\/strong> G\u00fcrsoy T, \u00c7elik H, Erdem Y, Karatay M: A giant ICA aneurysm case: vascular flow compromising and post-op flow. 28th Turkish Neurosurgical Society Scientific Congress 04-08 April 2014, Antalya, Turkey<\/li>\n<li>Ya\u015f\u0131tl\u0131 U, G\u00f6k\u00e7ek C, Brohi RA, <strong>Sertba\u015f \u0130,<\/strong> Bayar MA, Ta\u015f\u0131c\u0131o\u011flu T, G\u00fcrsoy T, Kul H, \u00c7elik H, Karatay M, Erdem Y: Sciatica developed after lumboperitoneal shunt surgery. 28th Turkish Neurosurgical Society Scientific Congress 04-08 April 2014, Antalya, Turkey<\/li>\n<li>Ya\u015f\u0131tl\u0131 U, Brohi RA, G\u00f6k\u00e7ek C, G\u00fcrsoy T, Sertba\u015f \u0130, Ta\u015fc\u0131o\u011flu T, Kul H, Bayar MA, \u00c7elik H, <strong>Karatay M<\/strong>, Erdem Y: Malignant melanoma case. 28th Turkish Neurosurgical Society Scientific Congress 04-08 April 2014, Antalya, Turkey<\/li>\n<li>Brohi RA, G\u00f6k\u00e7ek C, Ya\u015f\u0131tl\u0131 U, Bayar MA, G\u00fcrsoy T, <strong>Sertba\u015f \u0130,<\/strong> \u00c7elik H, Karatay M, Erdem Y: Spontaneous intraorbital (subperiosteal) hematoma: a case report and review of the literature. 28th Turkish Neurosurgical Society Scientific Congress 04-08 April 2014, Antalya, Turkey<\/li>\n<li><strong>Sertba\u015f \u0130,<\/strong> Karatay M. Lumbar intramuscular giant cavernous hemangioma. 32nd Turkish Neurosurgical Society Scientific Congress. 20-24 April 2018, Antalya, Turkey<\/li>\n<li><strong>Sertba\u015f \u0130,<\/strong> Karatay M. Thoracolumbar mature teratoma. 32nd Turkish Neurosurgical Society Scientific Congress. 20-24 April 2018, Antalya, Turkey<\/li>\n<li><strong>Sertba\u015f \u0130,<\/strong> Karatay M. Spontaneous cervical Serratia Marcences abscess: case report. 33rd Turkish Neurosurgical Society Scientific Congress. 11-14 April 2019, Antalya, Turkey<\/li>\n<li><strong>Sertba\u015f \u0130, <\/strong>Karatay M. Solitary Plasmacytoma in Lumbar Vertebra: Case Report. 33rd Turkish Neurosurgical Society Scientific Congress. 11-14 April 2019, Antalya, Turkey<\/li>\n<li><strong>Sertba\u015f \u0130,<\/strong> Karatay M. Paravertebral giant cavernous hemangioma: Case report. 33rd Turkish Neurosurgical Society Scientific Congress. 11-14 April 2019, Antalya, Turkey<\/li>\n<\/ol>\n<p><strong>F) Other Publications:<\/strong><\/p>\n<ol>\n<li><strong>Sertba\u015f \u0130<\/strong>. Treatment of Lumbar Vertebral Fractures and Conservative Treatment. TNDer Spinal and Peripheral Nerve Surgery Teaching and Education Group Bulletin, issue 65, pp. 20-21, October 2014<\/li>\n<\/ol>\n<p><strong>G) National and International Congresses and Symposia Attended:<\/strong><\/p>\n<ol>\n<li>Turkish Neurosurgical Society Scientific Congress, 14-18 May 2010, Antalya<\/li>\n<li>Turkish Neurosurgical Society Scientific Congress, 12-16 April 2013, Antalya<\/li>\n<li>Turkish Neurosurgical Society Scientific Congress, 04-08 April 2014, Antalya<\/li>\n<li>Spinal Deformities Symposium, 29 October-01 November 2015, Antalya<\/li>\n<li>Turkish Neurosurgical Society Scientific Congress, 08-12 April 2016, Antalya<\/li>\n<li>Turkish Neurosurgical Society Scientific Congress, 20-24 April 2018, Antalya<\/li>\n<li>Turkish Neurosurgical Society Scientific Congress, 11-14 April 2019, Antalya<\/li>\n<li>North American Spine Society 29<sup>th<\/sup> Annual Meeting (NASS 2014), 12-15 November 2014, San Francisco, CA, USA<\/li>\n<\/ol>\n","protected":false},"excerpt":{"rendered":"<p>Graduated Medical Faculty and Year Sivas Cumhuriyet University Faculty of Medicine, 2005 Specialization Training Location and Year S.B. Ankara Training and Research Hospital, 2014 Professional Experience Pamukkale University Faculty of Medicine, Department of Orthopedics and Traumatology (Resident Doctor), 2007-2008 S.B. Ankara Training and Research Hospital, Department of Neurosurgery (Resident Doctor), 2009-2014 S.B. Bart\u0131n State Hospital, [&hellip;]<\/p>\n","protected":false},"author":1,"featured_media":0,"parent":0,"menu_order":0,"comment_status":"closed","ping_status":"closed","template":"","meta":{"footnotes":""},"class_list":["post-263","page","type-page","status-publish","hentry"],"_links":{"self":[{"href":"https:\/\/www.metekaratay.com\/en\/wp-json\/wp\/v2\/pages\/263","targetHints":{"allow":["GET"]}}],"collection":[{"href":"https:\/\/www.metekaratay.com\/en\/wp-json\/wp\/v2\/pages"}],"about":[{"href":"https:\/\/www.metekaratay.com\/en\/wp-json\/wp\/v2\/types\/page"}],"author":[{"embeddable":true,"href":"https:\/\/www.metekaratay.com\/en\/wp-json\/wp\/v2\/users\/1"}],"replies":[{"embeddable":true,"href":"https:\/\/www.metekaratay.com\/en\/wp-json\/wp\/v2\/comments?post=263"}],"version-history":[{"count":6,"href":"https:\/\/www.metekaratay.com\/en\/wp-json\/wp\/v2\/pages\/263\/revisions"}],"predecessor-version":[{"id":289,"href":"https:\/\/www.metekaratay.com\/en\/wp-json\/wp\/v2\/pages\/263\/revisions\/289"}],"wp:attachment":[{"href":"https:\/\/www.metekaratay.com\/en\/wp-json\/wp\/v2\/media?parent=263"}],"curies":[{"name":"wp","href":"https:\/\/api.w.org\/{rel}","templated":true}]}}